{"id":403,"date":"2025-07-08T16:36:42","date_gmt":"2025-07-08T14:36:42","guid":{"rendered":"https:\/\/fitacontrol.com\/software-bugaderies\/"},"modified":"2025-11-28T13:47:06","modified_gmt":"2025-11-28T11:47:06","slug":"solucion-lavanderias","status":"publish","type":"page","link":"https:\/\/fitacontrol.com\/es\/solucion-lavanderias\/","title":{"rendered":"Soluci\u00f3n lavander\u00edas"},"content":{"rendered":"","protected":false},"excerpt":{"rendered":"","protected":false},"author":1,"featured_media":0,"parent":0,"menu_order":0,"comment_status":"closed","ping_status":"closed","template":"","meta":{"_acf_changed":false,"footnotes":""},"class_list":["post-403","page","type-page","status-publish","hentry"],"acf":[],"yoast_head":"<!-- This site is optimized with the Yoast SEO plugin v26.4 - https:\/\/yoast.com\/wordpress\/plugins\/seo\/ -->\n<title>Software de gesti\u00f3n de la ropa para lavander\u00edas | FiTA Control<\/title>\n<meta name=\"description\" content=\"El sistema FiTA Laundry optimiza la clasificaci\u00f3n, lavado y distribuci\u00f3n de grandes vol\u00famenes de ropa, ofrece una trazabilidad precisa y reduce errores.\" \/>\n<meta name=\"robots\" content=\"index, follow, max-snippet:-1, max-image-preview:large, max-video-preview:-1\" \/>\n<link rel=\"canonical\" href=\"https:\/\/fitacontrol.com\/es\/solucion-lavanderias\/\" \/>\n<meta property=\"og:locale\" content=\"es_ES\" \/>\n<meta property=\"og:type\" content=\"article\" \/>\n<meta property=\"og:title\" content=\"Software de gesti\u00f3n de la ropa para lavander\u00edas | FiTA Control\" \/>\n<meta property=\"og:description\" content=\"El sistema FiTA Laundry optimiza la clasificaci\u00f3n, lavado y distribuci\u00f3n de grandes vol\u00famenes de ropa, ofrece una trazabilidad precisa y reduce errores.\" \/>\n<meta property=\"og:url\" content=\"https:\/\/fitacontrol.com\/es\/solucion-lavanderias\/\" \/>\n<meta property=\"og:site_name\" content=\"FiTA Control\" \/>\n<meta property=\"article:modified_time\" content=\"2025-11-28T11:47:06+00:00\" \/>\n<meta name=\"twitter:card\" content=\"summary_large_image\" \/>\n<script type=\"application\/ld+json\" class=\"yoast-schema-graph\">{\"@context\":\"https:\/\/schema.org\",\"@graph\":[{\"@type\":\"WebPage\",\"@id\":\"https:\/\/fitacontrol.com\/es\/solucion-lavanderias\/\",\"url\":\"https:\/\/fitacontrol.com\/es\/solucion-lavanderias\/\",\"name\":\"Software de gesti\u00f3n de la ropa para lavander\u00edas | FiTA Control\",\"isPartOf\":{\"@id\":\"https:\/\/fitacontrol.com\/#website\"},\"datePublished\":\"2025-07-08T14:36:42+00:00\",\"dateModified\":\"2025-11-28T11:47:06+00:00\",\"description\":\"El sistema FiTA Laundry optimiza la clasificaci\u00f3n, lavado y distribuci\u00f3n de grandes vol\u00famenes de ropa, ofrece una trazabilidad precisa y reduce errores.\",\"breadcrumb\":{\"@id\":\"https:\/\/fitacontrol.com\/es\/solucion-lavanderias\/#breadcrumb\"},\"inLanguage\":\"es\",\"potentialAction\":[{\"@type\":\"ReadAction\",\"target\":[\"https:\/\/fitacontrol.com\/es\/solucion-lavanderias\/\"]}]},{\"@type\":\"BreadcrumbList\",\"@id\":\"https:\/\/fitacontrol.com\/es\/solucion-lavanderias\/#breadcrumb\",\"itemListElement\":[{\"@type\":\"ListItem\",\"position\":1,\"name\":\"Inici\",\"item\":\"https:\/\/fitacontrol.com\/es\/\"},{\"@type\":\"ListItem\",\"position\":2,\"name\":\"Soluci\u00f3n lavander\u00edas\"}]},{\"@type\":\"WebSite\",\"@id\":\"https:\/\/fitacontrol.com\/#website\",\"url\":\"https:\/\/fitacontrol.com\/\",\"name\":\"FiTA Control\",\"description\":\"\",\"potentialAction\":[{\"@type\":\"SearchAction\",\"target\":{\"@type\":\"EntryPoint\",\"urlTemplate\":\"https:\/\/fitacontrol.com\/?s={search_term_string}\"},\"query-input\":{\"@type\":\"PropertyValueSpecification\",\"valueRequired\":true,\"valueName\":\"search_term_string\"}}],\"inLanguage\":\"es\"}]}<\/script>\n<!-- \/ Yoast SEO plugin. -->","yoast_head_json":{"title":"Software de gesti\u00f3n de la ropa para lavander\u00edas | FiTA Control","description":"El sistema FiTA Laundry optimiza la clasificaci\u00f3n, lavado y distribuci\u00f3n de grandes vol\u00famenes de ropa, ofrece una trazabilidad precisa y reduce errores.","robots":{"index":"index","follow":"follow","max-snippet":"max-snippet:-1","max-image-preview":"max-image-preview:large","max-video-preview":"max-video-preview:-1"},"canonical":"https:\/\/fitacontrol.com\/es\/solucion-lavanderias\/","og_locale":"es_ES","og_type":"article","og_title":"Software de gesti\u00f3n de la ropa para lavander\u00edas | FiTA Control","og_description":"El sistema FiTA Laundry optimiza la clasificaci\u00f3n, lavado y distribuci\u00f3n de grandes vol\u00famenes de ropa, ofrece una trazabilidad precisa y reduce errores.","og_url":"https:\/\/fitacontrol.com\/es\/solucion-lavanderias\/","og_site_name":"FiTA Control","article_modified_time":"2025-11-28T11:47:06+00:00","twitter_card":"summary_large_image","schema":{"@context":"https:\/\/schema.org","@graph":[{"@type":"WebPage","@id":"https:\/\/fitacontrol.com\/es\/solucion-lavanderias\/","url":"https:\/\/fitacontrol.com\/es\/solucion-lavanderias\/","name":"Software de gesti\u00f3n de la ropa para lavander\u00edas | FiTA Control","isPartOf":{"@id":"https:\/\/fitacontrol.com\/#website"},"datePublished":"2025-07-08T14:36:42+00:00","dateModified":"2025-11-28T11:47:06+00:00","description":"El sistema FiTA Laundry optimiza la clasificaci\u00f3n, lavado y distribuci\u00f3n de grandes vol\u00famenes de ropa, ofrece una trazabilidad precisa y reduce errores.","breadcrumb":{"@id":"https:\/\/fitacontrol.com\/es\/solucion-lavanderias\/#breadcrumb"},"inLanguage":"es","potentialAction":[{"@type":"ReadAction","target":["https:\/\/fitacontrol.com\/es\/solucion-lavanderias\/"]}]},{"@type":"BreadcrumbList","@id":"https:\/\/fitacontrol.com\/es\/solucion-lavanderias\/#breadcrumb","itemListElement":[{"@type":"ListItem","position":1,"name":"Inici","item":"https:\/\/fitacontrol.com\/es\/"},{"@type":"ListItem","position":2,"name":"Soluci\u00f3n lavander\u00edas"}]},{"@type":"WebSite","@id":"https:\/\/fitacontrol.com\/#website","url":"https:\/\/fitacontrol.com\/","name":"FiTA Control","description":"","potentialAction":[{"@type":"SearchAction","target":{"@type":"EntryPoint","urlTemplate":"https:\/\/fitacontrol.com\/?s={search_term_string}"},"query-input":{"@type":"PropertyValueSpecification","valueRequired":true,"valueName":"search_term_string"}}],"inLanguage":"es"}]}},"_links":{"self":[{"href":"https:\/\/fitacontrol.com\/es\/wp-json\/wp\/v2\/pages\/403","targetHints":{"allow":["GET"]}}],"collection":[{"href":"https:\/\/fitacontrol.com\/es\/wp-json\/wp\/v2\/pages"}],"about":[{"href":"https:\/\/fitacontrol.com\/es\/wp-json\/wp\/v2\/types\/page"}],"author":[{"embeddable":true,"href":"https:\/\/fitacontrol.com\/es\/wp-json\/wp\/v2\/users\/1"}],"replies":[{"embeddable":true,"href":"https:\/\/fitacontrol.com\/es\/wp-json\/wp\/v2\/comments?post=403"}],"version-history":[{"count":7,"href":"https:\/\/fitacontrol.com\/es\/wp-json\/wp\/v2\/pages\/403\/revisions"}],"predecessor-version":[{"id":711,"href":"https:\/\/fitacontrol.com\/es\/wp-json\/wp\/v2\/pages\/403\/revisions\/711"}],"wp:attachment":[{"href":"https:\/\/fitacontrol.com\/es\/wp-json\/wp\/v2\/media?parent=403"}],"curies":[{"name":"wp","href":"https:\/\/api.w.org\/{rel}","templated":true}]}}